{"id":123,"date":"2019-01-02T19:21:21","date_gmt":"2019-01-02T18:21:21","guid":{"rendered":"http:\/\/kevrenn-larochelle.fr\/wordpress\/?page_id=123"},"modified":"2023-08-13T11:00:21","modified_gmt":"2023-08-13T09:00:21","slug":"a-venir","status":"publish","type":"page","link":"https:\/\/kevrenn-larochelle.fr\/?page_id=123","title":{"rendered":"Ev\u00e9nements \u00e0 venir"},"content":{"rendered":"","protected":false},"excerpt":{"rendered":"","protected":false},"author":1,"featured_media":0,"parent":0,"menu_order":0,"comment_status":"closed","ping_status":"closed","template":"","meta":{"advgb_blocks_editor_width":"","advgb_blocks_columns_visual_guide":"","_s2mail":"yes","footnotes":""},"class_list":["post-123","page","type-page","status-publish","hentry","comments-off"],"coauthors":[],"author_meta":{"author_link":"https:\/\/kevrenn-larochelle.fr\/?author=1","display_name":"hervic"},"relative_dates":{"created":"Publi\u00e9 7 ans il y a","modified":"Mis \u00e0 jour 3 ans il y a"},"absolute_dates":{"created":"Publi\u00e9 le 2 janvier 2019","modified":"Mise \u00e0 jour le 13 ao\u00fbt 2023"},"absolute_dates_time":{"created":"Publi\u00e9 le 2 janvier 2019 19h21","modified":"Mise \u00e0 jour le 13 ao\u00fbt 2023 11h00"},"featured_img_caption":"","featured_img":false,"series_order":"","_links":{"self":[{"href":"https:\/\/kevrenn-larochelle.fr\/index.php?rest_route=\/wp\/v2\/pages\/123","targetHints":{"allow":["GET"]}}],"collection":[{"href":"https:\/\/kevrenn-larochelle.fr\/index.php?rest_route=\/wp\/v2\/pages"}],"about":[{"href":"https:\/\/kevrenn-larochelle.fr\/index.php?rest_route=\/wp\/v2\/types\/page"}],"author":[{"embeddable":true,"href":"https:\/\/kevrenn-larochelle.fr\/index.php?rest_route=\/wp\/v2\/users\/1"}],"replies":[{"embeddable":true,"href":"https:\/\/kevrenn-larochelle.fr\/index.php?rest_route=%2Fwp%2Fv2%2Fcomments&post=123"}],"version-history":[{"count":3,"href":"https:\/\/kevrenn-larochelle.fr\/index.php?rest_route=\/wp\/v2\/pages\/123\/revisions"}],"predecessor-version":[{"id":1875,"href":"https:\/\/kevrenn-larochelle.fr\/index.php?rest_route=\/wp\/v2\/pages\/123\/revisions\/1875"}],"wp:attachment":[{"href":"https:\/\/kevrenn-larochelle.fr\/index.php?rest_route=%2Fwp%2Fv2%2Fmedia&parent=123"}],"curies":[{"name":"wp","href":"https:\/\/api.w.org\/{rel}","templated":true}]}}