{"id":88,"date":"2019-01-02T17:12:30","date_gmt":"2019-01-02T16:12:30","guid":{"rendered":"http:\/\/kevrenn-larochelle.fr\/wordpress\/?page_id=88"},"modified":"2022-09-22T11:25:26","modified_gmt":"2022-09-22T09:25:26","slug":"bagad","status":"publish","type":"page","link":"https:\/\/kevrenn-larochelle.fr\/?page_id=88","title":{"rendered":"Bagad"},"content":{"rendered":"\n<figure class=\"wp-block-image size-large\"><img loading=\"lazy\" decoding=\"async\" width=\"567\" height=\"827\" src=\"https:\/\/kevrenn-larochelle.fr\/wp-content\/uploads\/2019\/11\/fliyers-2019.jpeg\" alt=\"\" class=\"wp-image-969\"\/><\/figure>\n","protected":false},"excerpt":{"rendered":"","protected":false},"author":1,"featured_media":0,"parent":0,"menu_order":0,"comment_status":"closed","ping_status":"closed","template":"","meta":{"advgb_blocks_editor_width":"","advgb_blocks_columns_visual_guide":"","_s2mail":"yes","footnotes":""},"class_list":["post-88","page","type-page","status-publish","hentry","comments-off"],"coauthors":[],"author_meta":{"author_link":"https:\/\/kevrenn-larochelle.fr\/?author=1","display_name":"hervic"},"relative_dates":{"created":"Publi\u00e9 7 ans il y a","modified":"Mis \u00e0 jour 4 ans il y a"},"absolute_dates":{"created":"Publi\u00e9 le 2 janvier 2019","modified":"Mise \u00e0 jour le 22 septembre 2022"},"absolute_dates_time":{"created":"Publi\u00e9 le 2 janvier 2019 17h12","modified":"Mise \u00e0 jour le 22 septembre 2022 11h25"},"featured_img_caption":"","featured_img":false,"series_order":"","_links":{"self":[{"href":"https:\/\/kevrenn-larochelle.fr\/index.php?rest_route=\/wp\/v2\/pages\/88","targetHints":{"allow":["GET"]}}],"collection":[{"href":"https:\/\/kevrenn-larochelle.fr\/index.php?rest_route=\/wp\/v2\/pages"}],"about":[{"href":"https:\/\/kevrenn-larochelle.fr\/index.php?rest_route=\/wp\/v2\/types\/page"}],"author":[{"embeddable":true,"href":"https:\/\/kevrenn-larochelle.fr\/index.php?rest_route=\/wp\/v2\/users\/1"}],"replies":[{"embeddable":true,"href":"https:\/\/kevrenn-larochelle.fr\/index.php?rest_route=%2Fwp%2Fv2%2Fcomments&post=88"}],"version-history":[{"count":4,"href":"https:\/\/kevrenn-larochelle.fr\/index.php?rest_route=\/wp\/v2\/pages\/88\/revisions"}],"predecessor-version":[{"id":1793,"href":"https:\/\/kevrenn-larochelle.fr\/index.php?rest_route=\/wp\/v2\/pages\/88\/revisions\/1793"}],"wp:attachment":[{"href":"https:\/\/kevrenn-larochelle.fr\/index.php?rest_route=%2Fwp%2Fv2%2Fmedia&parent=88"}],"curies":[{"name":"wp","href":"https:\/\/api.w.org\/{rel}","templated":true}]}}